{"id":1593,"date":"2019-10-22T17:41:54","date_gmt":"2019-10-22T15:41:54","guid":{"rendered":"https:\/\/chateau-laviolette.com\/?page_id=1593"},"modified":"2019-10-22T17:41:54","modified_gmt":"2019-10-22T15:41:54","slug":"the-story","status":"publish","type":"page","link":"https:\/\/chateau-laviolette.com\/en\/the-story\/","title":{"rendered":"The story"},"content":{"rendered":"<p>The story<\/p>\n<p>In the 13th century, around the castle of the Marches, 3 other castles, BELLEGARDE, VAUCHER and LA VIOLETTE inserted advantageously in the defensive apparatus extra muros of the Bourg des Marches designed by Am\u00e9d\u00e9e V Comte de Savoie to protect it from the belligerent companies of Dauphin\u00e9 .<\/p>\n<p>These three castles dominated the plain of the upper Gr\u00e9sivaudan where for nearly five centuries dauphinois and Savoys clashed in search of a safe and recognized border.<\/p>\n<p>The Ch\u00e2teau de la Villette (its historical name) overlooks Lake St Andr\u00e9 and the southern region of Abymes. At its feet lies the place called &#8220;Poisy&#8221; which evokes, according to the eminent historian of our beautiful region, Abbot F\u00e9lix BERNARD, the old villa PUSEIS.<\/p>\n<p>Let us note that an act of 1265 mentions that Messire Gonthier de Brian\u00e7on, possessor of the castle of Bellecombe whose imposing ruins astonish the walkers, transfers to the bishop of Grenoble the rights of suzerainty which he exerts on Francin, Favra (hamlet of St Jeoire Prieur\u00e9) and the VILLETTE.<\/p>\n<p>This act shows that the castle of La Villette is undoubtedly older than the castle and the market town whose construction did not begin until April 1301. Its name suggests that it belonged to the small town of Pusey authorizes us to formulate the hypothesis that the castle would have succeeded to an older building which was part of a Puseis defensive apparatus very necessary in these troubled times of chronic insecurity.<\/p>\n<p>The castle of La Villette has been remodeled several times and if the present appearance of the building borrowed a lot in the 15th and 16th centuries, it also contains vestiges of the 17th and 18th centuries.<\/p>\n<p>We do not know the names of the first owners of La Villette. We know however that in 1622, the owner Philibert de Chabert bequeaths it to his nephews, the Noyel de Bellegarde. The latter will sell the estate in 1830 to COSTA de BEAUREGARD, who will sell it to the GOUVERT family, which will be separated for the benefit of the VIVIAND family.<\/p>\n<p>It is today the property of the descendants of the family who acquired it in 1955 while the outbuildings and vineyards purchased by the FUSTINONI family have since 2000 become a vineyard managed by Charles-Henri Gayet where you can taste the excellent wines of our soil.<\/p>\n","protected":false},"excerpt":{"rendered":"<p>The story In the 13th century, around the castle of the Marches, 3 other castles, BELLEGARDE, VAUCHER and LA VIOLETTE inserted advantageously in the defensive apparatus extra muros of the Bourg des Marches designed by Am\u00e9d\u00e9e V Comte de Savoie to protect it from the belligerent companies of Dauphin\u00e9 . These three castles dominated the [&hellip;]<\/p>\n","protected":false},"author":2,"featured_media":0,"parent":0,"menu_order":0,"comment_status":"closed","ping_status":"closed","template":"","meta":{"_exactmetrics_skip_tracking":false,"_exactmetrics_sitenote_active":false,"_exactmetrics_sitenote_note":"","_exactmetrics_sitenote_category":0,"footnotes":""},"class_list":["post-1593","page","type-page","status-publish","hentry"],"yoast_head":"<!-- This site is optimized with the Yoast SEO plugin v27.6 - https:\/\/yoast.com\/product\/yoast-seo-wordpress\/ -->\n<title>The story - Ch\u00e2teau La Violette Savoie Chambres d&#039;H\u00f4tes h\u00f4tel Chamb\u00e9ry Savoie H\u00f4tel S\u00e9minaire<\/title>\n<meta name=\"robots\" content=\"index, follow, max-snippet:-1, max-image-preview:large, max-video-preview:-1\" \/>\n<link rel=\"canonical\" href=\"https:\/\/chateau-laviolette.com\/en\/the-story\/\" \/>\n<meta property=\"og:locale\" content=\"en_US\" \/>\n<meta property=\"og:type\" content=\"article\" \/>\n<meta property=\"og:title\" content=\"The story - Ch\u00e2teau La Violette Savoie Chambres d&#039;H\u00f4tes h\u00f4tel Chamb\u00e9ry Savoie H\u00f4tel S\u00e9minaire\" \/>\n<meta property=\"og:description\" content=\"The story In the 13th century, around the castle of the Marches, 3 other castles, BELLEGARDE, VAUCHER and LA VIOLETTE inserted advantageously in the defensive apparatus extra muros of the Bourg des Marches designed by Am\u00e9d\u00e9e V Comte de Savoie to protect it from the belligerent companies of Dauphin\u00e9 . These three castles dominated the [&hellip;]\" \/>\n<meta property=\"og:url\" content=\"https:\/\/chateau-laviolette.com\/en\/the-story\/\" \/>\n<meta property=\"og:site_name\" content=\"Ch\u00e2teau La Violette Savoie Chambres d&#039;H\u00f4tes h\u00f4tel Chamb\u00e9ry Savoie H\u00f4tel S\u00e9minaire\" \/>\n<meta property=\"article:publisher\" content=\"https:\/\/www.facebook.com\/profile.php?id=100063490631087\" \/>\n<meta property=\"og:image\" content=\"https:\/\/chateau-laviolette.com\/wp-content\/uploads\/2023\/04\/20191030_144201-scaled.jpg\" \/>\n\t<meta property=\"og:image:width\" content=\"2048\" \/>\n\t<meta property=\"og:image:height\" content=\"995\" \/>\n\t<meta property=\"og:image:type\" content=\"image\/jpeg\" \/>\n<meta name=\"twitter:card\" content=\"summary_large_image\" \/>\n<meta name=\"twitter:label1\" content=\"Est. reading time\" \/>\n\t<meta name=\"twitter:data1\" content=\"2 minutes\" \/>\n<script type=\"application\/ld+json\" class=\"yoast-schema-graph\">{\"@context\":\"https:\\\/\\\/schema.org\",\"@graph\":[{\"@type\":\"WebPage\",\"@id\":\"https:\\\/\\\/chateau-laviolette.com\\\/en\\\/the-story\\\/\",\"url\":\"https:\\\/\\\/chateau-laviolette.com\\\/en\\\/the-story\\\/\",\"name\":\"The story - Ch\u00e2teau La Violette Savoie Chambres d&#039;H\u00f4tes h\u00f4tel Chamb\u00e9ry Savoie H\u00f4tel S\u00e9minaire\",\"isPartOf\":{\"@id\":\"https:\\\/\\\/chateau-laviolette.com\\\/#website\"},\"datePublished\":\"2019-10-22T15:41:54+00:00\",\"breadcrumb\":{\"@id\":\"https:\\\/\\\/chateau-laviolette.com\\\/en\\\/the-story\\\/#breadcrumb\"},\"inLanguage\":\"en-US\",\"potentialAction\":[{\"@type\":\"ReadAction\",\"target\":[\"https:\\\/\\\/chateau-laviolette.com\\\/en\\\/the-story\\\/\"]}]},{\"@type\":\"BreadcrumbList\",\"@id\":\"https:\\\/\\\/chateau-laviolette.com\\\/en\\\/the-story\\\/#breadcrumb\",\"itemListElement\":[{\"@type\":\"ListItem\",\"position\":1,\"name\":\"Accueil\",\"item\":\"https:\\\/\\\/chateau-laviolette.com\\\/\"},{\"@type\":\"ListItem\",\"position\":2,\"name\":\"The story\"}]},{\"@type\":\"WebSite\",\"@id\":\"https:\\\/\\\/chateau-laviolette.com\\\/#website\",\"url\":\"https:\\\/\\\/chateau-laviolette.com\\\/\",\"name\":\"Ch\u00e2teau La Violette Savoie Chambres d'H\u00f4tes S\u00e9minaire H\u00f4tel\",\"description\":\"Chambres h\u00f4tes s\u00e9minaire h\u00f4tel salle de r\u00e9union Savoie Les Marches Porte de Savoie\",\"publisher\":{\"@id\":\"https:\\\/\\\/chateau-laviolette.com\\\/#organization\"},\"alternateName\":\"Chambre d'H\u00f4tes Chamb\u00e9ry Savoie\",\"potentialAction\":[{\"@type\":\"SearchAction\",\"target\":{\"@type\":\"EntryPoint\",\"urlTemplate\":\"https:\\\/\\\/chateau-laviolette.com\\\/?s={search_term_string}\"},\"query-input\":{\"@type\":\"PropertyValueSpecification\",\"valueRequired\":true,\"valueName\":\"search_term_string\"}}],\"inLanguage\":\"en-US\"},{\"@type\":\"Organization\",\"@id\":\"https:\\\/\\\/chateau-laviolette.com\\\/#organization\",\"name\":\"Chateau La Violette\",\"alternateName\":\"Chateau La Violette Chambres d'h\u00f4tes\",\"url\":\"https:\\\/\\\/chateau-laviolette.com\\\/\",\"logo\":{\"@type\":\"ImageObject\",\"inLanguage\":\"en-US\",\"@id\":\"https:\\\/\\\/chateau-laviolette.com\\\/#\\\/schema\\\/logo\\\/image\\\/\",\"url\":\"https:\\\/\\\/chateau-laviolette.com\\\/wp-content\\\/uploads\\\/2019\\\/06\\\/logoviolette.svg\",\"contentUrl\":\"https:\\\/\\\/chateau-laviolette.com\\\/wp-content\\\/uploads\\\/2019\\\/06\\\/logoviolette.svg\",\"width\":255,\"height\":255,\"caption\":\"Chateau La Violette\"},\"image\":{\"@id\":\"https:\\\/\\\/chateau-laviolette.com\\\/#\\\/schema\\\/logo\\\/image\\\/\"},\"sameAs\":[\"https:\\\/\\\/www.facebook.com\\\/profile.php?id=100063490631087\",\"https:\\\/\\\/www.instagram.com\\\/chateaulaviolette\\\/\"]}]}<\/script>\n<!-- \/ Yoast SEO plugin. -->","yoast_head_json":{"title":"The story - Ch\u00e2teau La Violette Savoie Chambres d&#039;H\u00f4tes h\u00f4tel Chamb\u00e9ry Savoie H\u00f4tel S\u00e9minaire","robots":{"index":"index","follow":"follow","max-snippet":"max-snippet:-1","max-image-preview":"max-image-preview:large","max-video-preview":"max-video-preview:-1"},"canonical":"https:\/\/chateau-laviolette.com\/en\/the-story\/","og_locale":"en_US","og_type":"article","og_title":"The story - Ch\u00e2teau La Violette Savoie Chambres d&#039;H\u00f4tes h\u00f4tel Chamb\u00e9ry Savoie H\u00f4tel S\u00e9minaire","og_description":"The story In the 13th century, around the castle of the Marches, 3 other castles, BELLEGARDE, VAUCHER and LA VIOLETTE inserted advantageously in the defensive apparatus extra muros of the Bourg des Marches designed by Am\u00e9d\u00e9e V Comte de Savoie to protect it from the belligerent companies of Dauphin\u00e9 . These three castles dominated the [&hellip;]","og_url":"https:\/\/chateau-laviolette.com\/en\/the-story\/","og_site_name":"Ch\u00e2teau La Violette Savoie Chambres d&#039;H\u00f4tes h\u00f4tel Chamb\u00e9ry Savoie H\u00f4tel S\u00e9minaire","article_publisher":"https:\/\/www.facebook.com\/profile.php?id=100063490631087","og_image":[{"width":2048,"height":995,"url":"https:\/\/chateau-laviolette.com\/wp-content\/uploads\/2023\/04\/20191030_144201-scaled.jpg","type":"image\/jpeg"}],"twitter_card":"summary_large_image","twitter_misc":{"Est. reading time":"2 minutes"},"schema":{"@context":"https:\/\/schema.org","@graph":[{"@type":"WebPage","@id":"https:\/\/chateau-laviolette.com\/en\/the-story\/","url":"https:\/\/chateau-laviolette.com\/en\/the-story\/","name":"The story - Ch\u00e2teau La Violette Savoie Chambres d&#039;H\u00f4tes h\u00f4tel Chamb\u00e9ry Savoie H\u00f4tel S\u00e9minaire","isPartOf":{"@id":"https:\/\/chateau-laviolette.com\/#website"},"datePublished":"2019-10-22T15:41:54+00:00","breadcrumb":{"@id":"https:\/\/chateau-laviolette.com\/en\/the-story\/#breadcrumb"},"inLanguage":"en-US","potentialAction":[{"@type":"ReadAction","target":["https:\/\/chateau-laviolette.com\/en\/the-story\/"]}]},{"@type":"BreadcrumbList","@id":"https:\/\/chateau-laviolette.com\/en\/the-story\/#breadcrumb","itemListElement":[{"@type":"ListItem","position":1,"name":"Accueil","item":"https:\/\/chateau-laviolette.com\/"},{"@type":"ListItem","position":2,"name":"The story"}]},{"@type":"WebSite","@id":"https:\/\/chateau-laviolette.com\/#website","url":"https:\/\/chateau-laviolette.com\/","name":"Ch\u00e2teau La Violette Savoie Chambres d'H\u00f4tes S\u00e9minaire H\u00f4tel","description":"Chambres h\u00f4tes s\u00e9minaire h\u00f4tel salle de r\u00e9union Savoie Les Marches Porte de Savoie","publisher":{"@id":"https:\/\/chateau-laviolette.com\/#organization"},"alternateName":"Chambre d'H\u00f4tes Chamb\u00e9ry Savoie","potentialAction":[{"@type":"SearchAction","target":{"@type":"EntryPoint","urlTemplate":"https:\/\/chateau-laviolette.com\/?s={search_term_string}"},"query-input":{"@type":"PropertyValueSpecification","valueRequired":true,"valueName":"search_term_string"}}],"inLanguage":"en-US"},{"@type":"Organization","@id":"https:\/\/chateau-laviolette.com\/#organization","name":"Chateau La Violette","alternateName":"Chateau La Violette Chambres d'h\u00f4tes","url":"https:\/\/chateau-laviolette.com\/","logo":{"@type":"ImageObject","inLanguage":"en-US","@id":"https:\/\/chateau-laviolette.com\/#\/schema\/logo\/image\/","url":"https:\/\/chateau-laviolette.com\/wp-content\/uploads\/2019\/06\/logoviolette.svg","contentUrl":"https:\/\/chateau-laviolette.com\/wp-content\/uploads\/2019\/06\/logoviolette.svg","width":255,"height":255,"caption":"Chateau La Violette"},"image":{"@id":"https:\/\/chateau-laviolette.com\/#\/schema\/logo\/image\/"},"sameAs":["https:\/\/www.facebook.com\/profile.php?id=100063490631087","https:\/\/www.instagram.com\/chateaulaviolette\/"]}]}},"_links":{"self":[{"href":"https:\/\/chateau-laviolette.com\/en\/wp-json\/wp\/v2\/pages\/1593","targetHints":{"allow":["GET"]}}],"collection":[{"href":"https:\/\/chateau-laviolette.com\/en\/wp-json\/wp\/v2\/pages"}],"about":[{"href":"https:\/\/chateau-laviolette.com\/en\/wp-json\/wp\/v2\/types\/page"}],"author":[{"embeddable":true,"href":"https:\/\/chateau-laviolette.com\/en\/wp-json\/wp\/v2\/users\/2"}],"replies":[{"embeddable":true,"href":"https:\/\/chateau-laviolette.com\/en\/wp-json\/wp\/v2\/comments?post=1593"}],"version-history":[{"count":0,"href":"https:\/\/chateau-laviolette.com\/en\/wp-json\/wp\/v2\/pages\/1593\/revisions"}],"wp:attachment":[{"href":"https:\/\/chateau-laviolette.com\/en\/wp-json\/wp\/v2\/media?parent=1593"}],"curies":[{"name":"wp","href":"https:\/\/api.w.org\/{rel}","templated":true}]}}