{"id":1598,"date":"2019-10-22T17:47:02","date_gmt":"2019-10-22T15:47:02","guid":{"rendered":"https:\/\/chateau-laviolette.com\/?page_id=1598"},"modified":"2019-10-22T17:49:08","modified_gmt":"2019-10-22T15:49:08","slug":"family-house","status":"publish","type":"page","link":"https:\/\/chateau-laviolette.com\/en\/the-story\/family-house\/","title":{"rendered":"Family house"},"content":{"rendered":"<p>We are in 1955.<\/p>\n<p>Edouard dreamed of living an active retreat in the Pyrenees from his childhood.<\/p>\n<p>Cecile, faithful to her native Savoy, fell in love with this beautiful house asleep in the shade of its century-old cedar, opening on the balcony of the Abymes vineyard and the high wall of Mont Granier.<\/p>\n<p>She&#8217;s the one who won &#8230;<\/p>\n<p>And it was the beginning of a new family story for La Violette which they then completely renovated. Each room is thought, ocher hues, bright colors, warm colors, wallpapers with flowers and other more classic &#8230; And his large garden is full of life thanks to the love of flowers Cecilia.<\/p>\n<p>Four girls, two weddings, seventeen grandchildren and more weddings, and more children &#8230;<\/p>\n<p>It was Adhemarine who later moved into the house with her six children. She loved this house &#8230;<\/p>\n<p>Today it is Anne and Guillaume who decided to continue the adventure, to create a guest house for you.<\/p>\n<p>They have in turn renovated by applying to him to leave his character while providing a chic and trendy decoration.<\/p>\n<p>They want you to discover it and take you a little in their history with Adhemarine, Beatrix, Gabrielle and Louise &#8230;<\/p>\n","protected":false},"excerpt":{"rendered":"<p>We are in 1955. Edouard dreamed of living an active retreat in the Pyrenees from his childhood. Cecile, faithful to her native Savoy, fell in love with this beautiful house asleep in the shade of its century-old cedar, opening on the balcony of the Abymes vineyard and the high wall of Mont Granier. She&#8217;s the [&hellip;]<\/p>\n","protected":false},"author":2,"featured_media":0,"parent":1593,"menu_order":1,"comment_status":"closed","ping_status":"closed","template":"","meta":{"_exactmetrics_skip_tracking":false,"_exactmetrics_sitenote_active":false,"_exactmetrics_sitenote_note":"","_exactmetrics_sitenote_category":0,"footnotes":""},"class_list":["post-1598","page","type-page","status-publish","hentry"],"yoast_head":"<!-- This site is optimized with the Yoast SEO plugin v27.4 - https:\/\/yoast.com\/product\/yoast-seo-wordpress\/ -->\n<title>Family house - Ch\u00e2teau La Violette Savoie Chambres d&#039;H\u00f4tes h\u00f4tel Chamb\u00e9ry Savoie H\u00f4tel S\u00e9minaire<\/title>\n<meta name=\"robots\" content=\"index, follow, max-snippet:-1, max-image-preview:large, max-video-preview:-1\" \/>\n<link rel=\"canonical\" href=\"https:\/\/chateau-laviolette.com\/en\/the-story\/family-house\/\" \/>\n<meta property=\"og:locale\" content=\"en_US\" \/>\n<meta property=\"og:type\" content=\"article\" \/>\n<meta property=\"og:title\" content=\"Family house - Ch\u00e2teau La Violette Savoie Chambres d&#039;H\u00f4tes h\u00f4tel Chamb\u00e9ry Savoie H\u00f4tel S\u00e9minaire\" \/>\n<meta property=\"og:description\" content=\"We are in 1955. Edouard dreamed of living an active retreat in the Pyrenees from his childhood. Cecile, faithful to her native Savoy, fell in love with this beautiful house asleep in the shade of its century-old cedar, opening on the balcony of the Abymes vineyard and the high wall of Mont Granier. She&#8217;s the [&hellip;]\" \/>\n<meta property=\"og:url\" content=\"https:\/\/chateau-laviolette.com\/en\/the-story\/family-house\/\" \/>\n<meta property=\"og:site_name\" content=\"Ch\u00e2teau La Violette Savoie Chambres d&#039;H\u00f4tes h\u00f4tel Chamb\u00e9ry Savoie H\u00f4tel S\u00e9minaire\" \/>\n<meta property=\"article:publisher\" content=\"https:\/\/www.facebook.com\/profile.php?id=100063490631087\" \/>\n<meta property=\"article:modified_time\" content=\"2019-10-22T15:49:08+00:00\" \/>\n<meta property=\"og:image\" content=\"https:\/\/chateau-laviolette.com\/wp-content\/uploads\/2023\/04\/20191030_144201-scaled.jpg\" \/>\n\t<meta property=\"og:image:width\" content=\"2048\" \/>\n\t<meta property=\"og:image:height\" content=\"995\" \/>\n\t<meta property=\"og:image:type\" content=\"image\/jpeg\" \/>\n<meta name=\"twitter:card\" content=\"summary_large_image\" \/>\n<meta name=\"twitter:label1\" content=\"Est. reading time\" \/>\n\t<meta name=\"twitter:data1\" content=\"1 minute\" \/>\n<script type=\"application\/ld+json\" class=\"yoast-schema-graph\">{\"@context\":\"https:\\\/\\\/schema.org\",\"@graph\":[{\"@type\":\"WebPage\",\"@id\":\"https:\\\/\\\/chateau-laviolette.com\\\/en\\\/the-story\\\/family-house\\\/\",\"url\":\"https:\\\/\\\/chateau-laviolette.com\\\/en\\\/the-story\\\/family-house\\\/\",\"name\":\"Family house - Ch\u00e2teau La Violette Savoie Chambres d&#039;H\u00f4tes h\u00f4tel Chamb\u00e9ry Savoie H\u00f4tel S\u00e9minaire\",\"isPartOf\":{\"@id\":\"https:\\\/\\\/chateau-laviolette.com\\\/#website\"},\"datePublished\":\"2019-10-22T15:47:02+00:00\",\"dateModified\":\"2019-10-22T15:49:08+00:00\",\"breadcrumb\":{\"@id\":\"https:\\\/\\\/chateau-laviolette.com\\\/en\\\/the-story\\\/family-house\\\/#breadcrumb\"},\"inLanguage\":\"en-US\",\"potentialAction\":[{\"@type\":\"ReadAction\",\"target\":[\"https:\\\/\\\/chateau-laviolette.com\\\/en\\\/the-story\\\/family-house\\\/\"]}]},{\"@type\":\"BreadcrumbList\",\"@id\":\"https:\\\/\\\/chateau-laviolette.com\\\/en\\\/the-story\\\/family-house\\\/#breadcrumb\",\"itemListElement\":[{\"@type\":\"ListItem\",\"position\":1,\"name\":\"Accueil\",\"item\":\"https:\\\/\\\/chateau-laviolette.com\\\/\"},{\"@type\":\"ListItem\",\"position\":2,\"name\":\"The story\",\"item\":\"https:\\\/\\\/chateau-laviolette.com\\\/en\\\/the-story\\\/\"},{\"@type\":\"ListItem\",\"position\":3,\"name\":\"Family house\"}]},{\"@type\":\"WebSite\",\"@id\":\"https:\\\/\\\/chateau-laviolette.com\\\/#website\",\"url\":\"https:\\\/\\\/chateau-laviolette.com\\\/\",\"name\":\"Ch\u00e2teau La Violette Savoie Chambres d'H\u00f4tes S\u00e9minaire H\u00f4tel\",\"description\":\"Chambres h\u00f4tes s\u00e9minaire h\u00f4tel salle de r\u00e9union Savoie Les Marches Porte de Savoie\",\"publisher\":{\"@id\":\"https:\\\/\\\/chateau-laviolette.com\\\/#organization\"},\"alternateName\":\"Chambre d'H\u00f4tes Chamb\u00e9ry Savoie\",\"potentialAction\":[{\"@type\":\"SearchAction\",\"target\":{\"@type\":\"EntryPoint\",\"urlTemplate\":\"https:\\\/\\\/chateau-laviolette.com\\\/?s={search_term_string}\"},\"query-input\":{\"@type\":\"PropertyValueSpecification\",\"valueRequired\":true,\"valueName\":\"search_term_string\"}}],\"inLanguage\":\"en-US\"},{\"@type\":\"Organization\",\"@id\":\"https:\\\/\\\/chateau-laviolette.com\\\/#organization\",\"name\":\"Chateau La Violette\",\"alternateName\":\"Chateau La Violette Chambres d'h\u00f4tes\",\"url\":\"https:\\\/\\\/chateau-laviolette.com\\\/\",\"logo\":{\"@type\":\"ImageObject\",\"inLanguage\":\"en-US\",\"@id\":\"https:\\\/\\\/chateau-laviolette.com\\\/#\\\/schema\\\/logo\\\/image\\\/\",\"url\":\"https:\\\/\\\/chateau-laviolette.com\\\/wp-content\\\/uploads\\\/2019\\\/06\\\/logoviolette.svg\",\"contentUrl\":\"https:\\\/\\\/chateau-laviolette.com\\\/wp-content\\\/uploads\\\/2019\\\/06\\\/logoviolette.svg\",\"width\":255,\"height\":255,\"caption\":\"Chateau La Violette\"},\"image\":{\"@id\":\"https:\\\/\\\/chateau-laviolette.com\\\/#\\\/schema\\\/logo\\\/image\\\/\"},\"sameAs\":[\"https:\\\/\\\/www.facebook.com\\\/profile.php?id=100063490631087\",\"https:\\\/\\\/www.instagram.com\\\/chateaulaviolette\\\/\"]}]}<\/script>\n<!-- \/ Yoast SEO plugin. -->","yoast_head_json":{"title":"Family house - Ch\u00e2teau La Violette Savoie Chambres d&#039;H\u00f4tes h\u00f4tel Chamb\u00e9ry Savoie H\u00f4tel S\u00e9minaire","robots":{"index":"index","follow":"follow","max-snippet":"max-snippet:-1","max-image-preview":"max-image-preview:large","max-video-preview":"max-video-preview:-1"},"canonical":"https:\/\/chateau-laviolette.com\/en\/the-story\/family-house\/","og_locale":"en_US","og_type":"article","og_title":"Family house - Ch\u00e2teau La Violette Savoie Chambres d&#039;H\u00f4tes h\u00f4tel Chamb\u00e9ry Savoie H\u00f4tel S\u00e9minaire","og_description":"We are in 1955. Edouard dreamed of living an active retreat in the Pyrenees from his childhood. Cecile, faithful to her native Savoy, fell in love with this beautiful house asleep in the shade of its century-old cedar, opening on the balcony of the Abymes vineyard and the high wall of Mont Granier. She&#8217;s the [&hellip;]","og_url":"https:\/\/chateau-laviolette.com\/en\/the-story\/family-house\/","og_site_name":"Ch\u00e2teau La Violette Savoie Chambres d&#039;H\u00f4tes h\u00f4tel Chamb\u00e9ry Savoie H\u00f4tel S\u00e9minaire","article_publisher":"https:\/\/www.facebook.com\/profile.php?id=100063490631087","article_modified_time":"2019-10-22T15:49:08+00:00","og_image":[{"width":2048,"height":995,"url":"https:\/\/chateau-laviolette.com\/wp-content\/uploads\/2023\/04\/20191030_144201-scaled.jpg","type":"image\/jpeg"}],"twitter_card":"summary_large_image","twitter_misc":{"Est. reading time":"1 minute"},"schema":{"@context":"https:\/\/schema.org","@graph":[{"@type":"WebPage","@id":"https:\/\/chateau-laviolette.com\/en\/the-story\/family-house\/","url":"https:\/\/chateau-laviolette.com\/en\/the-story\/family-house\/","name":"Family house - Ch\u00e2teau La Violette Savoie Chambres d&#039;H\u00f4tes h\u00f4tel Chamb\u00e9ry Savoie H\u00f4tel S\u00e9minaire","isPartOf":{"@id":"https:\/\/chateau-laviolette.com\/#website"},"datePublished":"2019-10-22T15:47:02+00:00","dateModified":"2019-10-22T15:49:08+00:00","breadcrumb":{"@id":"https:\/\/chateau-laviolette.com\/en\/the-story\/family-house\/#breadcrumb"},"inLanguage":"en-US","potentialAction":[{"@type":"ReadAction","target":["https:\/\/chateau-laviolette.com\/en\/the-story\/family-house\/"]}]},{"@type":"BreadcrumbList","@id":"https:\/\/chateau-laviolette.com\/en\/the-story\/family-house\/#breadcrumb","itemListElement":[{"@type":"ListItem","position":1,"name":"Accueil","item":"https:\/\/chateau-laviolette.com\/"},{"@type":"ListItem","position":2,"name":"The story","item":"https:\/\/chateau-laviolette.com\/en\/the-story\/"},{"@type":"ListItem","position":3,"name":"Family house"}]},{"@type":"WebSite","@id":"https:\/\/chateau-laviolette.com\/#website","url":"https:\/\/chateau-laviolette.com\/","name":"Ch\u00e2teau La Violette Savoie Chambres d'H\u00f4tes S\u00e9minaire H\u00f4tel","description":"Chambres h\u00f4tes s\u00e9minaire h\u00f4tel salle de r\u00e9union Savoie Les Marches Porte de Savoie","publisher":{"@id":"https:\/\/chateau-laviolette.com\/#organization"},"alternateName":"Chambre d'H\u00f4tes Chamb\u00e9ry Savoie","potentialAction":[{"@type":"SearchAction","target":{"@type":"EntryPoint","urlTemplate":"https:\/\/chateau-laviolette.com\/?s={search_term_string}"},"query-input":{"@type":"PropertyValueSpecification","valueRequired":true,"valueName":"search_term_string"}}],"inLanguage":"en-US"},{"@type":"Organization","@id":"https:\/\/chateau-laviolette.com\/#organization","name":"Chateau La Violette","alternateName":"Chateau La Violette Chambres d'h\u00f4tes","url":"https:\/\/chateau-laviolette.com\/","logo":{"@type":"ImageObject","inLanguage":"en-US","@id":"https:\/\/chateau-laviolette.com\/#\/schema\/logo\/image\/","url":"https:\/\/chateau-laviolette.com\/wp-content\/uploads\/2019\/06\/logoviolette.svg","contentUrl":"https:\/\/chateau-laviolette.com\/wp-content\/uploads\/2019\/06\/logoviolette.svg","width":255,"height":255,"caption":"Chateau La Violette"},"image":{"@id":"https:\/\/chateau-laviolette.com\/#\/schema\/logo\/image\/"},"sameAs":["https:\/\/www.facebook.com\/profile.php?id=100063490631087","https:\/\/www.instagram.com\/chateaulaviolette\/"]}]}},"_links":{"self":[{"href":"https:\/\/chateau-laviolette.com\/en\/wp-json\/wp\/v2\/pages\/1598","targetHints":{"allow":["GET"]}}],"collection":[{"href":"https:\/\/chateau-laviolette.com\/en\/wp-json\/wp\/v2\/pages"}],"about":[{"href":"https:\/\/chateau-laviolette.com\/en\/wp-json\/wp\/v2\/types\/page"}],"author":[{"embeddable":true,"href":"https:\/\/chateau-laviolette.com\/en\/wp-json\/wp\/v2\/users\/2"}],"replies":[{"embeddable":true,"href":"https:\/\/chateau-laviolette.com\/en\/wp-json\/wp\/v2\/comments?post=1598"}],"version-history":[{"count":0,"href":"https:\/\/chateau-laviolette.com\/en\/wp-json\/wp\/v2\/pages\/1598\/revisions"}],"up":[{"embeddable":true,"href":"https:\/\/chateau-laviolette.com\/en\/wp-json\/wp\/v2\/pages\/1593"}],"wp:attachment":[{"href":"https:\/\/chateau-laviolette.com\/en\/wp-json\/wp\/v2\/media?parent=1598"}],"curies":[{"name":"wp","href":"https:\/\/api.w.org\/{rel}","templated":true}]}}