{"id":1976,"date":"2020-01-23T18:03:57","date_gmt":"2020-01-23T17:03:57","guid":{"rendered":"https:\/\/chateau-laviolette.com\/?page_id=1976"},"modified":"2020-01-23T18:05:51","modified_gmt":"2020-01-23T17:05:51","slug":"contact","status":"publish","type":"page","link":"https:\/\/chateau-laviolette.com\/en\/contact\/","title":{"rendered":"Contact"},"content":{"rendered":"<div id='av_section_1'  class='avia-section av-519yb-9593f06dc5b269bd092bbb9c701ade1c main_color avia-section-default avia-no-border-styling  avia-builder-el-0  avia-builder-el-no-sibling  avia-bg-style-scroll container_wrap sidebar_right'  ><div class='container av-section-cont-open' ><main  role=\"main\" itemprop=\"mainContentOfPage\"  class='template-page content  av-content-small alpha units'><div class='post-entry post-entry-type-page post-entry-1976'><div class='entry-content-wrapper clearfix'>\n\n<style type=\"text\/css\" data-created_by=\"avia_inline_auto\" id=\"style-css-av-4pdsf-8af157e4af49e249c355b8561c394f30\">\n.flex_column.av-4pdsf-8af157e4af49e249c355b8561c394f30{\nborder-radius:0px 0px 0px 0px;\npadding:0px 0px 0px 0px;\n}\n<\/style>\n<div  class='flex_column av-4pdsf-8af157e4af49e249c355b8561c394f30 av_one_full  avia-builder-el-1  el_before_av_one_half  avia-builder-el-first  first flex_column_div av-zero-column-padding  '     ><style type=\"text\/css\" data-created_by=\"avia_inline_auto\" id=\"style-css-av-k5qzgsfx-7a5f6703d31be806f8702db5a64365cd\">\n#top .av-special-heading.av-k5qzgsfx-7a5f6703d31be806f8702db5a64365cd{\npadding-bottom:10px;\n}\nbody .av-special-heading.av-k5qzgsfx-7a5f6703d31be806f8702db5a64365cd .av-special-heading-tag .heading-char{\nfont-size:25px;\n}\n.av-special-heading.av-k5qzgsfx-7a5f6703d31be806f8702db5a64365cd .av-subheading{\nfont-size:15px;\n}\n<\/style>\n<div  class='av-special-heading av-k5qzgsfx-7a5f6703d31be806f8702db5a64365cd av-special-heading-h1 blockquote modern-quote modern-centered  avia-builder-el-2  avia-builder-el-no-sibling  av-linked-heading'><h1 class='av-special-heading-tag '  itemprop=\"headline\"  >Contact Us<\/h1><div class=\"special-heading-border\"><div class=\"special-heading-inner-border\"><\/div><\/div><\/div><\/div>\n<style type=\"text\/css\" data-created_by=\"avia_inline_auto\" id=\"style-css-av-3ol3j-4841926b523780ba9af88814dc598a96\">\n.flex_column.av-3ol3j-4841926b523780ba9af88814dc598a96{\nborder-radius:0px 0px 0px 0px;\npadding:0px 0px 0px 0px;\n}\n<\/style>\n<div  class='flex_column av-3ol3j-4841926b523780ba9af88814dc598a96 av_one_half  avia-builder-el-3  el_after_av_one_full  el_before_av_one_half  first flex_column_div av-zero-column-padding  column-top-margin'     ><section  class='av_textblock_section av-jx0i217c-3a94ea92cb7326f156fe8eaa1895cb6e '   itemscope=\"itemscope\" itemtype=\"https:\/\/schema.org\/CreativeWork\" ><div class='avia_textblock'  itemprop=\"text\" ><p>For any request for information, reservation or simply to say hello, you can fill out and send us this form. We will get back to you very quickly.<\/p>\n<p>You can also reach us at +33 6 26 48 53 04.<\/p>\n<p>See you soon,<\/p>\n<p>Anne and Guillaume Robier<\/p>\n<\/div><\/section><\/div>\n<style type=\"text\/css\" data-created_by=\"avia_inline_auto\" id=\"style-css-av-37kzf-8576af5d2bd4f93e4767df48aeb7c5a5\">\n.flex_column.av-37kzf-8576af5d2bd4f93e4767df48aeb7c5a5{\nborder-radius:0px 0px 0px 0px;\npadding:0px 0px 0px 0px;\n}\n<\/style>\n<div  class='flex_column av-37kzf-8576af5d2bd4f93e4767df48aeb7c5a5 av_one_half  avia-builder-el-5  el_after_av_one_half  avia-builder-el-last  flex_column_div av-zero-column-padding  column-top-margin'     ><form action=\"https:\/\/chateau-laviolette.com\/en\/contact\/\" method=\"post\" data-fields-with-error=\"Found errors in the following field(s):\" class=\"avia_ajax_form av-form-labels-visible   avia-builder-el-6  avia-builder-el-no-sibling   \" data-avia-form-id=\"1\" data-avia-redirect='' ><h3 class=''>Envoyez-nous un mail<\/h3><fieldset><p class='  first_form  form_element form_fullwidth' id='element_avia_1_1'><label for=\"avia_1_1\">Firstname Name <abbr class=\"required\" title=\"required\">*<\/abbr><\/label> <input name=\"avia_1_1\" class=\"text_input is_empty\" type=\"text\" id=\"avia_1_1\" value=\"\" \/><\/p><p class='  first_form  form_element form_fullwidth' id='element_avia_2_1'><label for=\"avia_2_1\">Adresse mail <abbr class=\"required\" title=\"required\">*<\/abbr><\/label> <input name=\"avia_2_1\" class=\"text_input is_email\" type=\"text\" id=\"avia_2_1\" value=\"\" \/><\/p><p class='  first_form  form_element form_fullwidth' id='element_avia_3_1'><label for=\"avia_3_1\">What<\/label> <input name=\"avia_3_1\" class=\"text_input \" type=\"text\" id=\"avia_3_1\" value=\"\" \/><\/p><p class='  first_form  form_element form_fullwidth' id='element_avia_4_1'><label for=\"avia_4_1\" class=\"textare_label hidden textare_label_avia_4_1\">Message <abbr class=\"required\" title=\"required\">*<\/abbr><\/label><textarea  name=\"avia_4_1\" class=\"text_area is_empty\" cols=\"40\" rows=\"7\" id=\"avia_4_1\" ><\/textarea><\/p><p class='  first_form  form_element form_fullwidth' id='element_avia_5_1'><input  name=\"avia_5_1\" class=\"input_checkbox is_empty\" type=\"checkbox\" id=\"avia_5_1\" value=\"true\"\/><label class=\"input_checkbox_label\" for=\"avia_5_1\">En compl\u00e9tant cette r\u00e9servation, je confirme avoir lu et accept\u00e9 les <a href=\"https:\/\/chateau-laviolette.com\/conditions-de-reservation\/\" target=\"_blank\" rel=\"noopener\">conditions de r\u00e9servation<\/a> <abbr class=\"required\" title=\"required\">*<\/abbr><\/label><\/p><p class=\"hidden\"><input type=\"text\" name=\"avia_6_1\" class=\"hidden \" id=\"avia_6_1\" value=\"\" \/><\/p><p class='   form_element form_fullwidth' id='element_avia_7_1'><span class='value_verifier_label'>1 + 2 = ?<\/span><input name=\"avia_7_1_verifier\" type=\"hidden\" id=\"avia_7_1_verifier\" value=\"286371483\"\/><label for=\"avia_7_1\">Please prove that you are human by solving the equation <abbr class=\"required\" title=\"required\">*<\/abbr><\/label><input name=\"avia_7_1\" class=\"text_input captcha\" type=\"text\" id=\"avia_7_1\" value=\"\"\/><\/p><p class=\"form_element \"><input type=\"hidden\" value=\"1\" name=\"avia_generated_form1\" \/><input type=\"submit\" value=\"Valider\" class=\"button\"  data-sending-label=\"Sending\"\/><\/p><\/fieldset><\/form><div id=\"ajaxresponse_1\" class=\"ajaxresponse ajaxresponse_1 hidden\"><\/div><\/div><\/div><\/div><\/main><!-- close content main element --><\/div><\/div><div id='after_section_1'  class='main_color av_default_container_wrap container_wrap sidebar_right'  ><div class='container av-section-cont-open' ><div class='template-page content  av-content-small alpha units'><div class='post-entry post-entry-type-page post-entry-1976'><div class='entry-content-wrapper clearfix'>\n","protected":false},"excerpt":{"rendered":"","protected":false},"author":2,"featured_media":0,"parent":0,"menu_order":0,"comment_status":"closed","ping_status":"closed","template":"","meta":{"_exactmetrics_skip_tracking":false,"_exactmetrics_sitenote_active":false,"_exactmetrics_sitenote_note":"","_exactmetrics_sitenote_category":0,"footnotes":""},"class_list":["post-1976","page","type-page","status-publish","hentry"],"yoast_head":"<!-- This site is optimized with the Yoast SEO plugin v27.4 - https:\/\/yoast.com\/product\/yoast-seo-wordpress\/ -->\n<title>Contact - Ch\u00e2teau La Violette Savoie Chambres d&#039;H\u00f4tes h\u00f4tel Chamb\u00e9ry Savoie H\u00f4tel S\u00e9minaire<\/title>\n<meta name=\"robots\" content=\"index, follow, max-snippet:-1, max-image-preview:large, max-video-preview:-1\" \/>\n<link rel=\"canonical\" href=\"https:\/\/chateau-laviolette.com\/en\/contact\/\" \/>\n<meta property=\"og:locale\" content=\"en_US\" \/>\n<meta property=\"og:type\" content=\"article\" \/>\n<meta property=\"og:title\" content=\"Contact - Ch\u00e2teau La Violette Savoie Chambres d&#039;H\u00f4tes h\u00f4tel Chamb\u00e9ry Savoie H\u00f4tel S\u00e9minaire\" \/>\n<meta property=\"og:url\" content=\"https:\/\/chateau-laviolette.com\/en\/contact\/\" \/>\n<meta property=\"og:site_name\" content=\"Ch\u00e2teau La Violette Savoie Chambres d&#039;H\u00f4tes h\u00f4tel Chamb\u00e9ry Savoie H\u00f4tel S\u00e9minaire\" \/>\n<meta property=\"article:publisher\" content=\"https:\/\/www.facebook.com\/profile.php?id=100063490631087\" \/>\n<meta property=\"article:modified_time\" content=\"2020-01-23T17:05:51+00:00\" \/>\n<meta property=\"og:image\" content=\"https:\/\/chateau-laviolette.com\/wp-content\/uploads\/2023\/04\/20191030_144201-scaled.jpg\" \/>\n\t<meta property=\"og:image:width\" content=\"2048\" \/>\n\t<meta property=\"og:image:height\" content=\"995\" \/>\n\t<meta property=\"og:image:type\" content=\"image\/jpeg\" \/>\n<meta name=\"twitter:card\" content=\"summary_large_image\" \/>\n<meta name=\"twitter:label1\" content=\"Est. reading time\" \/>\n\t<meta name=\"twitter:data1\" content=\"4 minutes\" \/>\n<script type=\"application\/ld+json\" class=\"yoast-schema-graph\">{\"@context\":\"https:\\\/\\\/schema.org\",\"@graph\":[{\"@type\":\"WebPage\",\"@id\":\"https:\\\/\\\/chateau-laviolette.com\\\/en\\\/contact\\\/\",\"url\":\"https:\\\/\\\/chateau-laviolette.com\\\/en\\\/contact\\\/\",\"name\":\"Contact - Ch\u00e2teau La Violette Savoie Chambres d&#039;H\u00f4tes h\u00f4tel Chamb\u00e9ry Savoie H\u00f4tel S\u00e9minaire\",\"isPartOf\":{\"@id\":\"https:\\\/\\\/chateau-laviolette.com\\\/#website\"},\"datePublished\":\"2020-01-23T17:03:57+00:00\",\"dateModified\":\"2020-01-23T17:05:51+00:00\",\"breadcrumb\":{\"@id\":\"https:\\\/\\\/chateau-laviolette.com\\\/en\\\/contact\\\/#breadcrumb\"},\"inLanguage\":\"en-US\",\"potentialAction\":[{\"@type\":\"ReadAction\",\"target\":[\"https:\\\/\\\/chateau-laviolette.com\\\/en\\\/contact\\\/\"]}]},{\"@type\":\"BreadcrumbList\",\"@id\":\"https:\\\/\\\/chateau-laviolette.com\\\/en\\\/contact\\\/#breadcrumb\",\"itemListElement\":[{\"@type\":\"ListItem\",\"position\":1,\"name\":\"Accueil\",\"item\":\"https:\\\/\\\/chateau-laviolette.com\\\/\"},{\"@type\":\"ListItem\",\"position\":2,\"name\":\"Contact\"}]},{\"@type\":\"WebSite\",\"@id\":\"https:\\\/\\\/chateau-laviolette.com\\\/#website\",\"url\":\"https:\\\/\\\/chateau-laviolette.com\\\/\",\"name\":\"Ch\u00e2teau La Violette Savoie Chambres d'H\u00f4tes S\u00e9minaire H\u00f4tel\",\"description\":\"Chambres h\u00f4tes s\u00e9minaire h\u00f4tel salle de r\u00e9union Savoie Les Marches Porte de Savoie\",\"publisher\":{\"@id\":\"https:\\\/\\\/chateau-laviolette.com\\\/#organization\"},\"alternateName\":\"Chambre d'H\u00f4tes Chamb\u00e9ry Savoie\",\"potentialAction\":[{\"@type\":\"SearchAction\",\"target\":{\"@type\":\"EntryPoint\",\"urlTemplate\":\"https:\\\/\\\/chateau-laviolette.com\\\/?s={search_term_string}\"},\"query-input\":{\"@type\":\"PropertyValueSpecification\",\"valueRequired\":true,\"valueName\":\"search_term_string\"}}],\"inLanguage\":\"en-US\"},{\"@type\":\"Organization\",\"@id\":\"https:\\\/\\\/chateau-laviolette.com\\\/#organization\",\"name\":\"Chateau La Violette\",\"alternateName\":\"Chateau La Violette Chambres d'h\u00f4tes\",\"url\":\"https:\\\/\\\/chateau-laviolette.com\\\/\",\"logo\":{\"@type\":\"ImageObject\",\"inLanguage\":\"en-US\",\"@id\":\"https:\\\/\\\/chateau-laviolette.com\\\/#\\\/schema\\\/logo\\\/image\\\/\",\"url\":\"https:\\\/\\\/chateau-laviolette.com\\\/wp-content\\\/uploads\\\/2019\\\/06\\\/logoviolette.svg\",\"contentUrl\":\"https:\\\/\\\/chateau-laviolette.com\\\/wp-content\\\/uploads\\\/2019\\\/06\\\/logoviolette.svg\",\"width\":255,\"height\":255,\"caption\":\"Chateau La Violette\"},\"image\":{\"@id\":\"https:\\\/\\\/chateau-laviolette.com\\\/#\\\/schema\\\/logo\\\/image\\\/\"},\"sameAs\":[\"https:\\\/\\\/www.facebook.com\\\/profile.php?id=100063490631087\",\"https:\\\/\\\/www.instagram.com\\\/chateaulaviolette\\\/\"]}]}<\/script>\n<!-- \/ Yoast SEO plugin. -->","yoast_head_json":{"title":"Contact - Ch\u00e2teau La Violette Savoie Chambres d&#039;H\u00f4tes h\u00f4tel Chamb\u00e9ry Savoie H\u00f4tel S\u00e9minaire","robots":{"index":"index","follow":"follow","max-snippet":"max-snippet:-1","max-image-preview":"max-image-preview:large","max-video-preview":"max-video-preview:-1"},"canonical":"https:\/\/chateau-laviolette.com\/en\/contact\/","og_locale":"en_US","og_type":"article","og_title":"Contact - Ch\u00e2teau La Violette Savoie Chambres d&#039;H\u00f4tes h\u00f4tel Chamb\u00e9ry Savoie H\u00f4tel S\u00e9minaire","og_url":"https:\/\/chateau-laviolette.com\/en\/contact\/","og_site_name":"Ch\u00e2teau La Violette Savoie Chambres d&#039;H\u00f4tes h\u00f4tel Chamb\u00e9ry Savoie H\u00f4tel S\u00e9minaire","article_publisher":"https:\/\/www.facebook.com\/profile.php?id=100063490631087","article_modified_time":"2020-01-23T17:05:51+00:00","og_image":[{"width":2048,"height":995,"url":"https:\/\/chateau-laviolette.com\/wp-content\/uploads\/2023\/04\/20191030_144201-scaled.jpg","type":"image\/jpeg"}],"twitter_card":"summary_large_image","twitter_misc":{"Est. reading time":"4 minutes"},"schema":{"@context":"https:\/\/schema.org","@graph":[{"@type":"WebPage","@id":"https:\/\/chateau-laviolette.com\/en\/contact\/","url":"https:\/\/chateau-laviolette.com\/en\/contact\/","name":"Contact - Ch\u00e2teau La Violette Savoie Chambres d&#039;H\u00f4tes h\u00f4tel Chamb\u00e9ry Savoie H\u00f4tel S\u00e9minaire","isPartOf":{"@id":"https:\/\/chateau-laviolette.com\/#website"},"datePublished":"2020-01-23T17:03:57+00:00","dateModified":"2020-01-23T17:05:51+00:00","breadcrumb":{"@id":"https:\/\/chateau-laviolette.com\/en\/contact\/#breadcrumb"},"inLanguage":"en-US","potentialAction":[{"@type":"ReadAction","target":["https:\/\/chateau-laviolette.com\/en\/contact\/"]}]},{"@type":"BreadcrumbList","@id":"https:\/\/chateau-laviolette.com\/en\/contact\/#breadcrumb","itemListElement":[{"@type":"ListItem","position":1,"name":"Accueil","item":"https:\/\/chateau-laviolette.com\/"},{"@type":"ListItem","position":2,"name":"Contact"}]},{"@type":"WebSite","@id":"https:\/\/chateau-laviolette.com\/#website","url":"https:\/\/chateau-laviolette.com\/","name":"Ch\u00e2teau La Violette Savoie Chambres d'H\u00f4tes S\u00e9minaire H\u00f4tel","description":"Chambres h\u00f4tes s\u00e9minaire h\u00f4tel salle de r\u00e9union Savoie Les Marches Porte de Savoie","publisher":{"@id":"https:\/\/chateau-laviolette.com\/#organization"},"alternateName":"Chambre d'H\u00f4tes Chamb\u00e9ry Savoie","potentialAction":[{"@type":"SearchAction","target":{"@type":"EntryPoint","urlTemplate":"https:\/\/chateau-laviolette.com\/?s={search_term_string}"},"query-input":{"@type":"PropertyValueSpecification","valueRequired":true,"valueName":"search_term_string"}}],"inLanguage":"en-US"},{"@type":"Organization","@id":"https:\/\/chateau-laviolette.com\/#organization","name":"Chateau La Violette","alternateName":"Chateau La Violette Chambres d'h\u00f4tes","url":"https:\/\/chateau-laviolette.com\/","logo":{"@type":"ImageObject","inLanguage":"en-US","@id":"https:\/\/chateau-laviolette.com\/#\/schema\/logo\/image\/","url":"https:\/\/chateau-laviolette.com\/wp-content\/uploads\/2019\/06\/logoviolette.svg","contentUrl":"https:\/\/chateau-laviolette.com\/wp-content\/uploads\/2019\/06\/logoviolette.svg","width":255,"height":255,"caption":"Chateau La Violette"},"image":{"@id":"https:\/\/chateau-laviolette.com\/#\/schema\/logo\/image\/"},"sameAs":["https:\/\/www.facebook.com\/profile.php?id=100063490631087","https:\/\/www.instagram.com\/chateaulaviolette\/"]}]}},"_links":{"self":[{"href":"https:\/\/chateau-laviolette.com\/en\/wp-json\/wp\/v2\/pages\/1976","targetHints":{"allow":["GET"]}}],"collection":[{"href":"https:\/\/chateau-laviolette.com\/en\/wp-json\/wp\/v2\/pages"}],"about":[{"href":"https:\/\/chateau-laviolette.com\/en\/wp-json\/wp\/v2\/types\/page"}],"author":[{"embeddable":true,"href":"https:\/\/chateau-laviolette.com\/en\/wp-json\/wp\/v2\/users\/2"}],"replies":[{"embeddable":true,"href":"https:\/\/chateau-laviolette.com\/en\/wp-json\/wp\/v2\/comments?post=1976"}],"version-history":[{"count":0,"href":"https:\/\/chateau-laviolette.com\/en\/wp-json\/wp\/v2\/pages\/1976\/revisions"}],"wp:attachment":[{"href":"https:\/\/chateau-laviolette.com\/en\/wp-json\/wp\/v2\/media?parent=1976"}],"curies":[{"name":"wp","href":"https:\/\/api.w.org\/{rel}","templated":true}]}}